{"id":1069,"date":"2019-03-23T18:28:41","date_gmt":"2019-03-23T17:28:41","guid":{"rendered":"https:\/\/www.open4me.de\/index.php\/bauteile\/esp32-cam\/"},"modified":"2019-06-23T11:26:57","modified_gmt":"2019-06-23T10:26:57","slug":"esp32-cam","status":"publish","type":"page","link":"https:\/\/www.open4me.de\/index.php\/bauteile\/esp32-cam\/","title":{"rendered":"ESP32-CAM"},"content":{"rendered":"<p>Das &#8222;ESP32-CAM&#8220;-Board enth\u00e4lt einen ESP32 inkl. einer kleinen Kamera vom Typ OV2640 mit einer Aufl\u00f6sung von 2MP. Mehr Informationen im <a href=\"https:\/\/translate.google.com\/translate?hl=de&amp;sl=zh-CN&amp;tl=de&amp;u=https%3A%2F%2Fwiki.ai-thinker.com%2Fesp32-cam\">Hersteller Wiki (Goolge Translator).<\/a><\/p>\n<p><a href=\"https:\/\/www.youtube.com\/watch?v=q7Z_XnBYFhY\">Ein kurzes Video bzgl. dem ESP32-CAM<\/a><\/p>\n<p>Da der ESP32-CAM kein USB-Interface hat, wird zum Programmieren ein USB\/Serial Konverter ben\u00f6tigt. Eine Anleitung findet sich<br><a href=\"https:\/\/github.com\/raphaelbs\/esp32-cam-ai-thinker\">hier<\/a>. In meinem Fall konnte ich den ESP32-CAM \u00fcber den USB\/Serial Konverter mit Strom versorgen.<\/p>\n<p>Eine Anmerkung bzgl. Spannungsversorung: Auch wenn die Dokumentation was anderes sagt, in meinen Test hat der ESP32-CAM nur 5 Volt verkraft und ist bei 7 Volt abgeraucht<\/p>\n<p>Kurzanleitung f\u00fcr die Nutzung unter Arduino:<\/p>\n<ul>\n<li>Datei &#8211; Voreinstellungen &#8211; Zus\u00e4tzliche Boardverwalter-URLs<br>https:\/\/dl.espressif.com\/dl\/package_esp32_index.json<\/li>\n<li>Werkzeuge &#8211; Boards &#8211; Boardverwalter<br>esp32 installieren (in meinem Fall Version 1.01)<\/li>\n<li>Datei &#8211; Beispiele &#8211; ESP32 &#8211; Camera &#8211; CameraWebServer<\/li>\n<li>F\u00fcr den ESP32-CAM muss die folgende Anweisung aktiv sein:<br>#define CAMERA_MODEL_AI_THINKER<br>Au\u00dferdem m\u00fcssen die SID und PWD eingetragen werden<\/li>\n<li>ESP32Wrover Modul + Huge APP (3 MB No OTA) ausw\u00e4hlen<\/li>\n<li>Zum Flashen muss GND mit GPIO 0 verbunden werden<\/li>\n<\/ul>\n<p>Bezugsquelle:<br><a href=\"https:\/\/amzn.to\/2CzrwP7\">Amazon(*)<\/a><br>\n<a href=\"http:\/\/s.click.aliexpress.com\/e\/1x9Xrc8\">Aliexpress(*)<\/a><br>\n<a href=\"https:\/\/www.banggood.com\/Geekcreit-ESP32-CAM-WiFi-bluetooth-Camera-Module-Development-Board-ESP32-With-Camera-Module-OV2640-p-1394679.html?rmmds=myorder&amp;cur_warehouse=UK&amp;p=J8151315188933201710&amp;custlinkid=360455\">Banggood(*)<\/a><\/p>\n\n\n<p><\/p>\n","protected":false},"excerpt":{"rendered":"<p>Das &#8222;ESP32-CAM&#8220;-Board enth\u00e4lt einen ESP32 inkl. einer kleinen Kamera vom Typ OV2640 mit einer Aufl\u00f6sung von 2MP. Mehr Informationen im Hersteller Wiki (Goolge Translator). Ein kurzes Video bzgl. dem ESP32-CAM Da der ESP32-CAM kein USB-Interface hat, wird zum Programmieren ein USB\/Serial Konverter ben\u00f6tigt. Eine Anleitung findet sichhier. In meinem Fall konnte ich den ESP32-CAM \u00fcber &hellip; <a href=\"https:\/\/www.open4me.de\/index.php\/bauteile\/esp32-cam\/\" class=\"more-link\"><span class=\"screen-reader-text\">ESP32-CAM<\/span> weiterlesen<\/a><\/p>\n","protected":false},"author":1,"featured_media":0,"parent":908,"menu_order":0,"comment_status":"closed","ping_status":"closed","template":"","meta":{"footnotes":""},"class_list":["post-1069","page","type-page","status-publish","hentry"],"_links":{"self":[{"href":"https:\/\/www.open4me.de\/index.php\/wp-json\/wp\/v2\/pages\/1069","targetHints":{"allow":["GET"]}}],"collection":[{"href":"https:\/\/www.open4me.de\/index.php\/wp-json\/wp\/v2\/pages"}],"about":[{"href":"https:\/\/www.open4me.de\/index.php\/wp-json\/wp\/v2\/types\/page"}],"author":[{"embeddable":true,"href":"https:\/\/www.open4me.de\/index.php\/wp-json\/wp\/v2\/users\/1"}],"replies":[{"embeddable":true,"href":"https:\/\/www.open4me.de\/index.php\/wp-json\/wp\/v2\/comments?post=1069"}],"version-history":[{"count":8,"href":"https:\/\/www.open4me.de\/index.php\/wp-json\/wp\/v2\/pages\/1069\/revisions"}],"predecessor-version":[{"id":1100,"href":"https:\/\/www.open4me.de\/index.php\/wp-json\/wp\/v2\/pages\/1069\/revisions\/1100"}],"up":[{"embeddable":true,"href":"https:\/\/www.open4me.de\/index.php\/wp-json\/wp\/v2\/pages\/908"}],"wp:attachment":[{"href":"https:\/\/www.open4me.de\/index.php\/wp-json\/wp\/v2\/media?parent=1069"}],"curies":[{"name":"wp","href":"https:\/\/api.w.org\/{rel}","templated":true}]}}