{"id":11,"date":"2010-02-07T21:24:18","date_gmt":"2010-02-07T20:24:18","guid":{"rendered":"http:\/\/www.open4me.de\/?page_id=11"},"modified":"2017-01-06T16:23:51","modified_gmt":"2017-01-06T15:23:51","slug":"dsa","status":"publish","type":"page","link":"https:\/\/www.open4me.de\/index.php\/dsa\/","title":{"rendered":"Helden-Software"},"content":{"rendered":"<p>F\u00fcr Leute, die mit dem Begriff DSA nicht anfangen k\u00f6nnen: <a href=\"http:\/\/www.bdsa.de\/was-ist-dsa\/\">Was ist DSA?<\/a><\/p>\n<p>Auf den folgenden Unterseiten findet ihr einiges zum Thema DSA:<\/p>\n<ul>\n<li><a href=\"http:\/\/www.helden-software.de\/\">Helden-Software<\/a><br \/>\nSeit April 2006 bin ich in meiner Freizeit intensive an der Entwicklung der Helden-Software beteiligt. Die Helden-Software soll die Generierung und Verwaltung von Helden vereinfachen.<\/li>\n<li><a href=\"http:\/\/wiki.helden-software.de\/Erweiterungen\/Heldenbogen\">Heldenbogen-Plugin<\/a><br \/>\nEin Plugin f\u00fcr die Helden-Software, dass es u.a. erm\u00f6glichst die Heldenbogen als PDF-Dateien zu speichern und die original Heldenb\u00f6gen zu bedrucken.<\/li>\n<\/ul>\n","protected":false},"excerpt":{"rendered":"<p>F\u00fcr Leute, die mit dem Begriff DSA nicht anfangen k\u00f6nnen: Was ist DSA? Auf den folgenden Unterseiten findet ihr einiges zum Thema DSA: Helden-Software Seit April 2006 bin ich in meiner Freizeit intensive an der Entwicklung der Helden-Software beteiligt. Die Helden-Software soll die Generierung und Verwaltung von Helden vereinfachen. Heldenbogen-Plugin Ein Plugin f\u00fcr die Helden-Software, &hellip; <a href=\"https:\/\/www.open4me.de\/index.php\/dsa\/\" class=\"more-link\"><span class=\"screen-reader-text\">Helden-Software<\/span> weiterlesen<\/a><\/p>\n","protected":false},"author":1,"featured_media":0,"parent":0,"menu_order":0,"comment_status":"closed","ping_status":"closed","template":"","meta":{"footnotes":""},"categories":[1],"tags":[],"class_list":["post-11","page","type-page","status-publish","hentry","category-uncategorized"],"_links":{"self":[{"href":"https:\/\/www.open4me.de\/index.php\/wp-json\/wp\/v2\/pages\/11","targetHints":{"allow":["GET"]}}],"collection":[{"href":"https:\/\/www.open4me.de\/index.php\/wp-json\/wp\/v2\/pages"}],"about":[{"href":"https:\/\/www.open4me.de\/index.php\/wp-json\/wp\/v2\/types\/page"}],"author":[{"embeddable":true,"href":"https:\/\/www.open4me.de\/index.php\/wp-json\/wp\/v2\/users\/1"}],"replies":[{"embeddable":true,"href":"https:\/\/www.open4me.de\/index.php\/wp-json\/wp\/v2\/comments?post=11"}],"version-history":[{"count":6,"href":"https:\/\/www.open4me.de\/index.php\/wp-json\/wp\/v2\/pages\/11\/revisions"}],"predecessor-version":[{"id":666,"href":"https:\/\/www.open4me.de\/index.php\/wp-json\/wp\/v2\/pages\/11\/revisions\/666"}],"wp:attachment":[{"href":"https:\/\/www.open4me.de\/index.php\/wp-json\/wp\/v2\/media?parent=11"}],"wp:term":[{"taxonomy":"category","embeddable":true,"href":"https:\/\/www.open4me.de\/index.php\/wp-json\/wp\/v2\/categories?post=11"},{"taxonomy":"post_tag","embeddable":true,"href":"https:\/\/www.open4me.de\/index.php\/wp-json\/wp\/v2\/tags?post=11"}],"curies":[{"name":"wp","href":"https:\/\/api.w.org\/{rel}","templated":true}]}}