{"id":1228,"date":"2020-08-08T09:24:46","date_gmt":"2020-08-08T08:24:46","guid":{"rendered":"https:\/\/www.open4me.de\/index.php\/bauteile\/usb-c-fastcharging-trigger\/"},"modified":"2020-08-08T10:29:29","modified_gmt":"2020-08-08T09:29:29","slug":"usb-c-fastcharging-trigger","status":"publish","type":"page","link":"https:\/\/www.open4me.de\/index.php\/bauteile\/usb-c-fastcharging-trigger\/","title":{"rendered":"USB C Fastcharging Trigger"},"content":{"rendered":"<p>Wenn es die Quelle (Netzteil, Power-Bank) unterst\u00fctzt, kann man mit diesen kleinen Schaltung den Power Delivery Modi von USB C aktivieren.<br \/>\nDie Module sind f\u00fcr 9, 12, 15 und 20 Volt verf\u00fcgbar.<\/p>\n<p>Als Beispiel: Meine Power-Bank unterst\u00fctzte &#8222;nur&#8220; 15 Volt. Das USB-Netzteil lieferte jedoch sauber 20 Volt.<\/p>\n<p>Bezugsquelle:<br \/>\n<a href=\"https:\/\/s.click.aliexpress.com\/e\/_dXr0YJM\">AliExpress(*)<\/a><\/p>\n","protected":false},"excerpt":{"rendered":"<p>Wenn es die Quelle (Netzteil, Power-Bank) unterst\u00fctzt, kann man mit diesen kleinen Schaltung den Power Delivery Modi von USB C aktivieren. Die Module sind f\u00fcr 9, 12, 15 und 20 Volt verf\u00fcgbar. Als Beispiel: Meine Power-Bank unterst\u00fctzte &#8222;nur&#8220; 15 Volt. Das USB-Netzteil lieferte jedoch sauber 20 Volt. Bezugsquelle: AliExpress(*)<\/p>\n","protected":false},"author":1,"featured_media":0,"parent":908,"menu_order":0,"comment_status":"closed","ping_status":"closed","template":"","meta":{"footnotes":""},"categories":[45],"tags":[],"class_list":["post-1228","page","type-page","status-publish","hentry","category-bauteile"],"_links":{"self":[{"href":"https:\/\/www.open4me.de\/index.php\/wp-json\/wp\/v2\/pages\/1228","targetHints":{"allow":["GET"]}}],"collection":[{"href":"https:\/\/www.open4me.de\/index.php\/wp-json\/wp\/v2\/pages"}],"about":[{"href":"https:\/\/www.open4me.de\/index.php\/wp-json\/wp\/v2\/types\/page"}],"author":[{"embeddable":true,"href":"https:\/\/www.open4me.de\/index.php\/wp-json\/wp\/v2\/users\/1"}],"replies":[{"embeddable":true,"href":"https:\/\/www.open4me.de\/index.php\/wp-json\/wp\/v2\/comments?post=1228"}],"version-history":[{"count":2,"href":"https:\/\/www.open4me.de\/index.php\/wp-json\/wp\/v2\/pages\/1228\/revisions"}],"predecessor-version":[{"id":1231,"href":"https:\/\/www.open4me.de\/index.php\/wp-json\/wp\/v2\/pages\/1228\/revisions\/1231"}],"up":[{"embeddable":true,"href":"https:\/\/www.open4me.de\/index.php\/wp-json\/wp\/v2\/pages\/908"}],"wp:attachment":[{"href":"https:\/\/www.open4me.de\/index.php\/wp-json\/wp\/v2\/media?parent=1228"}],"wp:term":[{"taxonomy":"category","embeddable":true,"href":"https:\/\/www.open4me.de\/index.php\/wp-json\/wp\/v2\/categories?post=1228"},{"taxonomy":"post_tag","embeddable":true,"href":"https:\/\/www.open4me.de\/index.php\/wp-json\/wp\/v2\/tags?post=1228"}],"curies":[{"name":"wp","href":"https:\/\/api.w.org\/{rel}","templated":true}]}}