{"id":660,"date":"2015-07-06T20:23:45","date_gmt":"2015-07-06T19:23:45","guid":{"rendered":"http:\/\/www.open4me.de\/?page_id=660"},"modified":"2017-12-29T21:33:26","modified_gmt":"2017-12-29T20:33:26","slug":"wunschliste","status":"publish","type":"page","link":"https:\/\/www.open4me.de\/index.php\/wunschliste\/","title":{"rendered":"Wunschliste"},"content":{"rendered":"<p>Falls ihr auf meiner <a href=\"http:\/\/www.open4me.de\">Webseite<\/a>, auf meiner <a href=\"http:\/\/github.com\/littleyoda\">Github-Webseite<\/a> oder auf meiner <a href=\"http:\/\/spurg.open4me.de\">Spur G Webseite<\/a> etwas gefunden habt, was euch gef\u00e4llt und f\u00fcr euch n\u00fctzlich war, w\u00fcrde ich mich \u00fcber eine Art Wertsch\u00e4tzung der Arbeit freuen:<\/p>\n<ul>\n<li>Einfach eine E-Mail mit einem Danke<\/li>\n<li>Eine kleine Spende:<br \/>\n<a href=\"https:\/\/www.paypal.com\/paypalme\/littleyoda\/\"><img decoding=\"async\" style=\"max-width: 100%;\" src=\"https:\/\/camo.githubusercontent.com\/11b2f47d7b4af17ef3a803f57c37de3ac82ac039\/68747470733a2f2f696d672e736869656c64732e696f2f62616467652f70617970616c2d646f6e6174652d79656c6c6f772e737667\" alt=\"Paypal Donate\" data-canonical-src=\"https:\/\/img.shields.io\/badge\/paypal-donate-yellow.svg\" \/><\/a><\/li>\n<li>Eine regelm\u00e4\u00dfige Spende<br \/>\nz.B. als Dauerauftrag \u00fcber ein oder zwei Euro<\/li>\n<li>Etwas von meiner Wunschliste:<a href=\"http:\/\/www.amazon.de\/registry\/wishlist\/2VWXZ5RUL9ZSO\" target=\"_blank\" rel=\"noopener noreferrer\"><br \/>\nBei Amazon<\/a><\/li>\n<li>Etwas von meiner Wunschliste mit den teueren W\u00fcnschen:<br \/>\n<a href=\"https:\/\/www.wishsite.de\/wishlist\/86m3gyiy\" target=\"_blank\" rel=\"noopener noreferrer\">Die Eisenbahn-Wunschliste<\/a><\/li>\n<\/ul>\n","protected":false},"excerpt":{"rendered":"<p>Falls ihr auf meiner Webseite, auf meiner Github-Webseite oder auf meiner Spur G Webseite etwas gefunden habt, was euch gef\u00e4llt und f\u00fcr euch n\u00fctzlich war, w\u00fcrde ich mich \u00fcber eine Art Wertsch\u00e4tzung der Arbeit freuen: Einfach eine E-Mail mit einem Danke Eine kleine Spende: Eine regelm\u00e4\u00dfige Spende z.B. als Dauerauftrag \u00fcber ein oder zwei Euro &hellip; <a href=\"https:\/\/www.open4me.de\/index.php\/wunschliste\/\" class=\"more-link\"><span class=\"screen-reader-text\">Wunschliste<\/span> weiterlesen<\/a><\/p>\n","protected":false},"author":1,"featured_media":0,"parent":0,"menu_order":0,"comment_status":"open","ping_status":"open","template":"","meta":{"footnotes":""},"categories":[],"tags":[],"class_list":["post-660","page","type-page","status-publish","hentry"],"_links":{"self":[{"href":"https:\/\/www.open4me.de\/index.php\/wp-json\/wp\/v2\/pages\/660","targetHints":{"allow":["GET"]}}],"collection":[{"href":"https:\/\/www.open4me.de\/index.php\/wp-json\/wp\/v2\/pages"}],"about":[{"href":"https:\/\/www.open4me.de\/index.php\/wp-json\/wp\/v2\/types\/page"}],"author":[{"embeddable":true,"href":"https:\/\/www.open4me.de\/index.php\/wp-json\/wp\/v2\/users\/1"}],"replies":[{"embeddable":true,"href":"https:\/\/www.open4me.de\/index.php\/wp-json\/wp\/v2\/comments?post=660"}],"version-history":[{"count":7,"href":"https:\/\/www.open4me.de\/index.php\/wp-json\/wp\/v2\/pages\/660\/revisions"}],"predecessor-version":[{"id":962,"href":"https:\/\/www.open4me.de\/index.php\/wp-json\/wp\/v2\/pages\/660\/revisions\/962"}],"wp:attachment":[{"href":"https:\/\/www.open4me.de\/index.php\/wp-json\/wp\/v2\/media?parent=660"}],"wp:term":[{"taxonomy":"category","embeddable":true,"href":"https:\/\/www.open4me.de\/index.php\/wp-json\/wp\/v2\/categories?post=660"},{"taxonomy":"post_tag","embeddable":true,"href":"https:\/\/www.open4me.de\/index.php\/wp-json\/wp\/v2\/tags?post=660"}],"curies":[{"name":"wp","href":"https:\/\/api.w.org\/{rel}","templated":true}]}}