{"id":779,"date":"2017-01-06T19:42:51","date_gmt":"2017-01-06T18:42:51","guid":{"rendered":"http:\/\/www.open4me.de\/?page_id=779"},"modified":"2017-01-06T20:10:09","modified_gmt":"2017-01-06T19:10:09","slug":"elektronische-spielereien","status":"publish","type":"page","link":"https:\/\/www.open4me.de\/index.php\/spurg\/elektronische-spielereien\/","title":{"rendered":"Elektronische Spielereien"},"content":{"rendered":"<p>&nbsp;<\/p>\n<h1>Elektronische Spielereien<\/h1>\n<p>Diese Liste listet f\u00fcr die verschiedenen Bereiche einige elektronische Bauteile auf, die ich gerne nutze.<br \/>\nDie Bezugsquellen versuche ich aktuell zu halten. Otfmals werden die Teile jedoch aus China geliefert, so dass man eine l\u00e4ngere Lieferzeit (2 bis 4 Wochen) einplanen sollte.<\/p>\n<h2>Leds<\/h2>\n<p>F\u00fcr Leds, die direkt \u00fcber Wechselstrom (AC) betrieben werden sollen:<\/p>\n<ul>\n<li>Gleichrichter BC80C1500 (80V, 1,5A) <a href=\"https:\/\/rover.ebay.com\/rover\/1\/707-53477-19255-0\/1?ff3=4&amp;toolid=11800&amp;pub=5575156058&amp;campid=5337819728&amp;mpre=http%3A%2F%2Fwww.ebay.de%2Fsch%2Fi.html%3F_from%3DR40%26_sacat%3D0%26_nkw%3D%252810%252C5%2529%2BB80C1500%26LH_PrefLoc%3D2%26_sop%3D12\" target=\"_black\">Ebay (*)<\/a><\/li>\n<li>Konstantstromquellen 20 mA <a href=\"http:\/\/modellbau-schoenwitz.de\/de\/elektronikbauteile\/konstantstromqellen\/20ma-mini-miniatur-konstantstromquelle-leds-ksq1?action_ms=1\" target=\"_black\">Modellbau-Sch\u00f6nwitz<\/a><\/li>\n<\/ul>\n<p>Direkt am Dekoder:<\/p>\n<ul>\n<li>Konstantstromquellen 20 mA <a href=\"http:\/\/modellbau-schoenwitz.de\/de\/elektronikbauteile\/konstantstromqellen\/20ma-mini-miniatur-konstantstromquelle-leds-ksq1?action_ms=1\" target=\"_black\">Modellbau-Sch\u00f6nwitz<\/a><\/li>\n<\/ul>\n<h2>Mikrocontroller<\/h2>\n<p>Bei fast allen Bastelaktionen, die einen Mikrocontroller voraussetzen, setze ich mittlerweile auf den ESP8266.<br \/>\nDer ESP8266 kostet nur ca. 3\u20ac, hat ein integriertes WLAN und kann z.B. mit der Arduino <a href=\"https:\/\/www.arduino.cc\/en\/Main\/Software\">Programmierumgebung<\/a> oder Eclipse programmiert werden.<br \/>\nIch benutzte ganz gerne die NodeMcU Boards, weil sie auf eine Steckplatine passen, 10 GPIOs haben und \u00fcber eine USB-Schnittstelle verf\u00fcgen. Auf die Programmierung in LUA verzichtete ich jedoch, da die LUA Implementierung einige Probleme hat.<\/p>\n<ul>\n<li>NodeMCU <a href=\"http:\/\/www.ebay.de\/sch\/i.html?_odkw=nodemcu+esp8266+lua&amp;LH_PrefLoc=2&amp;_sop=15&amp;_osacat=0&amp;_from=R40&amp;_trksid=p2045573.m570.l1313.TR0.TRC0.H0.Xnodemcu+esp8266+lua+-expansion.TRS0&amp;_nkw=nodemcu+esp8266+lua+-expansion&amp;_sacat=0&amp;clk_rvr_id=1068353771813&amp;rmvSB=true\">ebay (*)<\/a><\/li>\n<\/ul>\n<p>Beispiel Projekt: Ein <a href=\"https:\/\/github.com\/littleyoda\/z21_Weichendekoder\">Weichendekoder<\/a> f\u00fcr LGB\/EPL-Weichenantriebe via WLAN<\/p>\n","protected":false},"excerpt":{"rendered":"<p>&nbsp; Elektronische Spielereien Diese Liste listet f\u00fcr die verschiedenen Bereiche einige elektronische Bauteile auf, die ich gerne nutze. Die Bezugsquellen versuche ich aktuell zu halten. Otfmals werden die Teile jedoch aus China geliefert, so dass man eine l\u00e4ngere Lieferzeit (2 bis 4 Wochen) einplanen sollte. Leds F\u00fcr Leds, die direkt \u00fcber Wechselstrom (AC) betrieben werden &hellip; <a href=\"https:\/\/www.open4me.de\/index.php\/spurg\/elektronische-spielereien\/\" class=\"more-link\"><span class=\"screen-reader-text\">Elektronische Spielereien<\/span> weiterlesen<\/a><\/p>\n","protected":false},"author":1,"featured_media":0,"parent":782,"menu_order":0,"comment_status":"closed","ping_status":"closed","template":"","meta":{"footnotes":""},"categories":[42,43],"tags":[],"class_list":["post-779","page","type-page","status-publish","hentry","category-eisenbahn-spur-g","category-z21z21"],"_links":{"self":[{"href":"https:\/\/www.open4me.de\/index.php\/wp-json\/wp\/v2\/pages\/779","targetHints":{"allow":["GET"]}}],"collection":[{"href":"https:\/\/www.open4me.de\/index.php\/wp-json\/wp\/v2\/pages"}],"about":[{"href":"https:\/\/www.open4me.de\/index.php\/wp-json\/wp\/v2\/types\/page"}],"author":[{"embeddable":true,"href":"https:\/\/www.open4me.de\/index.php\/wp-json\/wp\/v2\/users\/1"}],"replies":[{"embeddable":true,"href":"https:\/\/www.open4me.de\/index.php\/wp-json\/wp\/v2\/comments?post=779"}],"version-history":[{"count":1,"href":"https:\/\/www.open4me.de\/index.php\/wp-json\/wp\/v2\/pages\/779\/revisions"}],"predecessor-version":[{"id":780,"href":"https:\/\/www.open4me.de\/index.php\/wp-json\/wp\/v2\/pages\/779\/revisions\/780"}],"up":[{"embeddable":true,"href":"https:\/\/www.open4me.de\/index.php\/wp-json\/wp\/v2\/pages\/782"}],"wp:attachment":[{"href":"https:\/\/www.open4me.de\/index.php\/wp-json\/wp\/v2\/media?parent=779"}],"wp:term":[{"taxonomy":"category","embeddable":true,"href":"https:\/\/www.open4me.de\/index.php\/wp-json\/wp\/v2\/categories?post=779"},{"taxonomy":"post_tag","embeddable":true,"href":"https:\/\/www.open4me.de\/index.php\/wp-json\/wp\/v2\/tags?post=779"}],"curies":[{"name":"wp","href":"https:\/\/api.w.org\/{rel}","templated":true}]}}