{"id":908,"date":"2017-09-24T16:09:22","date_gmt":"2017-09-24T15:09:22","guid":{"rendered":"https:\/\/www.open4me.de\/?page_id=908"},"modified":"2017-09-24T16:47:22","modified_gmt":"2017-09-24T15:47:22","slug":"bauteile","status":"publish","type":"page","link":"https:\/\/www.open4me.de\/index.php\/bauteile\/","title":{"rendered":"Bauteile, Ger\u00e4te"},"content":{"rendered":"<p>Im Laufe der Zeit sammeln sich eine Vielzahl von Bauteilen und Ger\u00e4ten an, die man nicht mehr missen m\u00f6chte. Hier eine kleine Auswahl an interessanten Bauteile oder Ger\u00e4ten:<\/p>\n<p>[pagelist_ext child_of=&#8220;current&#8220;  image_width=&#8220;50&#8243; image_height=&#8220;50&#8243; show_content=&#8220;0&#8243;]<\/p>\n","protected":false},"excerpt":{"rendered":"<p>Im Laufe der Zeit sammeln sich eine Vielzahl von Bauteilen und Ger\u00e4ten an, die man nicht mehr missen m\u00f6chte. Hier eine kleine Auswahl an interessanten Bauteile oder Ger\u00e4ten: [pagelist_ext child_of=&#8220;current&#8220; image_width=&#8220;50&#8243; image_height=&#8220;50&#8243; show_content=&#8220;0&#8243;]<\/p>\n","protected":false},"author":1,"featured_media":0,"parent":0,"menu_order":0,"comment_status":"closed","ping_status":"closed","template":"","meta":{"footnotes":""},"class_list":["post-908","page","type-page","status-publish","hentry"],"_links":{"self":[{"href":"https:\/\/www.open4me.de\/index.php\/wp-json\/wp\/v2\/pages\/908","targetHints":{"allow":["GET"]}}],"collection":[{"href":"https:\/\/www.open4me.de\/index.php\/wp-json\/wp\/v2\/pages"}],"about":[{"href":"https:\/\/www.open4me.de\/index.php\/wp-json\/wp\/v2\/types\/page"}],"author":[{"embeddable":true,"href":"https:\/\/www.open4me.de\/index.php\/wp-json\/wp\/v2\/users\/1"}],"replies":[{"embeddable":true,"href":"https:\/\/www.open4me.de\/index.php\/wp-json\/wp\/v2\/comments?post=908"}],"version-history":[{"count":4,"href":"https:\/\/www.open4me.de\/index.php\/wp-json\/wp\/v2\/pages\/908\/revisions"}],"predecessor-version":[{"id":912,"href":"https:\/\/www.open4me.de\/index.php\/wp-json\/wp\/v2\/pages\/908\/revisions\/912"}],"wp:attachment":[{"href":"https:\/\/www.open4me.de\/index.php\/wp-json\/wp\/v2\/media?parent=908"}],"curies":[{"name":"wp","href":"https:\/\/api.w.org\/{rel}","templated":true}]}}