{"id":940,"date":"2017-11-19T18:29:01","date_gmt":"2017-11-19T17:29:01","guid":{"rendered":"https:\/\/www.open4me.de\/?page_id=940"},"modified":"2017-11-19T18:29:01","modified_gmt":"2017-11-19T17:29:01","slug":"h-bridge-l298n","status":"publish","type":"page","link":"https:\/\/www.open4me.de\/index.php\/bauteile\/h-bridge-l298n\/","title":{"rendered":"H-Bridge L298N"},"content":{"rendered":"<p>Eine einfache H-Bridge mit einem <a href=\"http:\/\/www.st.com\/en\/motor-drivers\/l298.html\">L298N<\/a>. Obwohl der L298N schon uralt und nicht gerade effizient ist, wird er immer noch gerne genommen.<br \/>\nEckdaten sind max. 46 Volt und max. 4 Ampere f\u00fcr beide Ausg\u00e4nge zusammen. Wie immer sind dies die maximalen Werte und somit nicht in dieser H\u00f6he f\u00fcr einen Dauerbetrieb geeignet.<\/p>\n<p>Besonders sch\u00f6n an dem L298N ist, dass es fertige Platinen schon ab 1,30\u20ac gibt, wenn man die langen Lieferzeiten in Kauf nimmt. Wer es schneller haben will, sollte auf Amazon oder Ebay zur\u00fcckgreifen:<\/p>\n<p>Bezugsquellen:<\/p>\n<ul>\n<li><a href=\"https:\/\/www.banggood.com\/Wholesale-Dual-H-Bridge-DC-Stepper-Motor-Drive-Controller-Board-Module-Arduino-L298N-p-42826.html?p=J8151315188933201710\">Banggood(*)<\/a><\/li>\n<li><a href=\"https:\/\/de.aliexpress.com\/item\/New-Dual-H-Bridge-DC-Stepper-Motor-Drive-Controller-Board-Module-L298N-for-Arduino-Free-Shipping\/1740954875.html?ws_ab_test=searchweb0_0,searchweb201602_1_10152_10065_10151_10068_10344_10345_10342_10547_10343_10340_10341_10548_10193_10194_10541_10304_10307_10060_10302_10155_10154_10539_10059_10534_10533_100031_10103_10142_10107_10320_10321_10322_10084_10562_10083_10177_10180_10312_10313_10184_10314_10319_10073_10186_10557_10594_10596_10595-10177,searchweb201603_25,ppcSwitch_4&#038;btsid=80268ea9-4600-44be-a075-9f53c1d8968a&#038;algo_expid=bd2a9bbf-f76d-460e-bd1e-db7a856da2e2-35&#038;algo_pvid=bd2a9bbf-f76d-460e-bd1e-db7a856da2e2&#038;rmStoreLevelAB=0\">Ali-Express<\/a><\/li>\n<li><a href=\"http:\/\/amzn.to\/2jCVBXl\">Amazon(*)<\/a><\/li>\n<li><a href=\"https:\/\/rover.ebay.com\/rover\/1\/707-53477-19255-0\/1?icep_id=114&amp;ipn=icep&amp;toolid=20004&amp;campid=5337819727&amp;mpre=https%3A%2F%2Fwww.ebay.de%2Fitm%2F1x-L298N-H-Dual-Bridge-DC-Motortreiber-Driver-Controller-Modul-Board-fur-Arduino%2F272934415392%3Fhash%3Ditem3f8c28ac20%3Ag%3A-HEAAOSwl2haC~xt\">Ebay(*)<\/a><\/li>\n<\/ul>\n","protected":false},"excerpt":{"rendered":"<p>Eine einfache H-Bridge mit einem L298N. Obwohl der L298N schon uralt und nicht gerade effizient ist, wird er immer noch gerne genommen. Eckdaten sind max. 46 Volt und max. 4 Ampere f\u00fcr beide Ausg\u00e4nge zusammen. Wie immer sind dies die maximalen Werte und somit nicht in dieser H\u00f6he f\u00fcr einen Dauerbetrieb geeignet. Besonders sch\u00f6n an &hellip; <a href=\"https:\/\/www.open4me.de\/index.php\/bauteile\/h-bridge-l298n\/\" class=\"more-link\"><span class=\"screen-reader-text\">H-Bridge L298N<\/span> weiterlesen<\/a><\/p>\n","protected":false},"author":1,"featured_media":0,"parent":908,"menu_order":0,"comment_status":"closed","ping_status":"closed","template":"page-bauteile.php","meta":{"footnotes":""},"categories":[41],"tags":[],"class_list":["post-940","page","type-page","status-publish","hentry","category-technik"],"_links":{"self":[{"href":"https:\/\/www.open4me.de\/index.php\/wp-json\/wp\/v2\/pages\/940","targetHints":{"allow":["GET"]}}],"collection":[{"href":"https:\/\/www.open4me.de\/index.php\/wp-json\/wp\/v2\/pages"}],"about":[{"href":"https:\/\/www.open4me.de\/index.php\/wp-json\/wp\/v2\/types\/page"}],"author":[{"embeddable":true,"href":"https:\/\/www.open4me.de\/index.php\/wp-json\/wp\/v2\/users\/1"}],"replies":[{"embeddable":true,"href":"https:\/\/www.open4me.de\/index.php\/wp-json\/wp\/v2\/comments?post=940"}],"version-history":[{"count":4,"href":"https:\/\/www.open4me.de\/index.php\/wp-json\/wp\/v2\/pages\/940\/revisions"}],"predecessor-version":[{"id":944,"href":"https:\/\/www.open4me.de\/index.php\/wp-json\/wp\/v2\/pages\/940\/revisions\/944"}],"up":[{"embeddable":true,"href":"https:\/\/www.open4me.de\/index.php\/wp-json\/wp\/v2\/pages\/908"}],"wp:attachment":[{"href":"https:\/\/www.open4me.de\/index.php\/wp-json\/wp\/v2\/media?parent=940"}],"wp:term":[{"taxonomy":"category","embeddable":true,"href":"https:\/\/www.open4me.de\/index.php\/wp-json\/wp\/v2\/categories?post=940"},{"taxonomy":"post_tag","embeddable":true,"href":"https:\/\/www.open4me.de\/index.php\/wp-json\/wp\/v2\/tags?post=940"}],"curies":[{"name":"wp","href":"https:\/\/api.w.org\/{rel}","templated":true}]}}